{"id":83,"date":"2010-02-02T13:39:04","date_gmt":"2010-02-02T12:39:04","guid":{"rendered":"http:\/\/drikkes.com\/?page_id=83"},"modified":"2024-03-06T23:39:49","modified_gmt":"2024-03-06T22:39:49","slug":"central-pkv","status":"publish","type":"page","link":"https:\/\/drikkes.com\/?page_id=83","title":{"rendered":"Central PKV"},"content":{"rendered":"<div class='e-content'>Kampagnenidee f\u00fcr die Private Krankenkasse <strong>Central<\/strong>, die nat\u00fcrlich nicht umgesetzt worden ist. &#8220;Das Leben ist kein Arztroman.&#8221; hat sich zwar agenturintern durchgesetzt, ist dem Dann-doch-nicht-Neukunden zusammen mit anderen Ideen auch pr\u00e4sentiert worden, aber dieser hat sich im Pitch f\u00fcr eine andere Werberei entschieden.<\/p>\n<p><img loading=\"lazy\" decoding=\"async\" class=\"aligncenter  wp-image-1063\" title=\"bild-4\" src=\"http:\/\/drikkes.wordpress.com\/files\/2009\/03\/bild-4.png\" alt=\"bild-4\" width=\"750\" height=\"1000\" \/><\/p>\n<p><img loading=\"lazy\" decoding=\"async\" class=\"aligncenter  wp-image-1064\" title=\"bild-7\" src=\"http:\/\/drikkes.wordpress.com\/files\/2009\/03\/bild-7.png\" alt=\"bild-7\" width=\"750\" height=\"1000\" \/><\/p>\n<h4>TVC 1<\/h4>\n<p>In einer schicken Arztpraxis. Untermalt von kitschiger Musik, klopft es an der T\u00fcr des Behandlungszimmers. Der Doktor, von seinem Schreibtisch aufblickend, ruft fr\u00f6hlich: \u201cHerein!\u201d<\/p>\n<p>Die T\u00fcr wird von einer jungen, attraktiven Arzthelferin ge\u00f6ffnet. Eine etwas \u00e4ltere, aber kaum minder sch\u00f6ne Frau tritt etwas desorientiert ein.<br \/>\nDer Arzt steht auf und geht der Patientin entgegen. \u201cWie kann ich Ihnen behilflich sein, sch\u00f6ne Dame?\u201d<br \/>\n\u201cHerr Doktor, mir ist so schwindlig, ich glaube\u2026\u201d<\/p>\n<p>Als die Frau in Ohnmacht zu fallen droht, eilt der Arzt n\u00e4her heran und f\u00e4ngt sie routiniert, aber auch gef\u00fchlvoll auf. Sie schl\u00e4gt die Augen auf, ihre beiden Gesichter sind sich sehr nahe gekommen. Sie haucht: \u201cMein Retter!\u201d<\/p>\n<p>Die Szene stoppt genau an der kitschigsten Stelle, als sich beider Blicke begegnen. Dazu einsetzende Stimme aus dem Off:<br \/>\n\u201cDas Leben ist kein Arztroman. Deshalb brauchen Sie eine ausgezeichnete Krankenversicherung.\u201d<\/p>\n<p>Schnitt. Die Logos der Testmedien auf Chart (Finanztest, Capital, Focus Money, etc.) kommen ins Bild.<\/p>\n<p>Abbinder: Logo, dazu Claim.<br \/>\n\u201cCentral. Gesundheit bewegt uns.\u201d<\/p>\n<p><img loading=\"lazy\" decoding=\"async\" class=\"aligncenter  wp-image-1065\" title=\"bild-8\" src=\"http:\/\/drikkes.wordpress.com\/files\/2009\/03\/bild-8.png\" alt=\"bild-8\" width=\"750\" height=\"1000\" \/><\/p>\n<p><img loading=\"lazy\" decoding=\"async\" class=\"aligncenter  wp-image-1066\" title=\"bild-9\" src=\"http:\/\/drikkes.wordpress.com\/files\/2009\/03\/bild-9.png\" alt=\"bild-9\" width=\"750\" height=\"1000\" \/><\/p>\n<h4>TVC 2<\/h4>\n<p>Untermalt von kitschiger Musik, tritt der attraktive Chefarzt aus einem malerischen Krankenhausgeb\u00e4ude hinaus in eine weitl\u00e4ufige, idylische Parkanlage.<\/p>\n<p>Man sieht sofort, wie ihm die Herzen der dort anwesenden Krankenschwestern und Patientinnen zufliegen. Sie schauen ihn verliebt an, und er hat auf seinem Weg f\u00fcr jede einzelne von ihnen ein L\u00e4cheln, ein Augenzwinkern oder die passende Geste \u00fcbrig.<\/p>\n<p>Da spricht ihn eine besonders attraktive Frau mit gespielter Ver\u00e4rgerung an: \u201cDoktor Toll, ist dieser Rollstuhl wirklich noch notwendig?\u201d<\/p>\n<p>Der Arzt stoppt und beugt sich vertrauensvoll zu seiner Patientin: \u201cWir wollen Ihrem Kn\u00f6chel doch kein unn\u00f6tiges Risiko zumuten, nicht wahr, Frau Gr\u00e4fin?\u201d<\/p>\n<p>Pl\u00f6tzlich kommt eine Schwester hinzugelaufen und ruft mit eifers\u00fcchtigem Unterton: \u201cDr. Toll, Sie werden umgehend auf der Station verlangt!\u201d<\/p>\n<p>Er antwortet, mehr zur Gr\u00e4fin als zur Schwester: \u201cNichts kann so dringend sein, dass ich nicht eine Minute f\u00fcr meine Lieblingspatientin er\u00fcbrigen kann.\u201d Beide l\u00e4cheln sich in stillem Einverst\u00e4ndnis zu.<\/p>\n<p>Die Szene stoppt an der kitschigsten Stelle. Dazu einsetzende Stimme aus dem Off:<br \/>\n\u201cDas Leben ist kein Arztroman. Deshalb brauchen Sie eine ausgezeichnete Krankenversicherung.\u201d<\/p>\n<p>Schnitt auf Chart. Die Logos der Testmedien (Finanztest, Capital, Focus Money, etc.) kommen ins Bild.<\/p>\n<p>Abbinder: Logo, dazu Claim.<br \/>\n\u201cCentral. Gesundheit bewegt uns.\u201d<\/p>\n<p><img loading=\"lazy\" decoding=\"async\" class=\"aligncenter size-full wp-image-1067\" title=\"bild-10\" src=\"http:\/\/drikkes.wordpress.com\/files\/2009\/03\/bild-10.png\" alt=\"bild-10\" width=\"750\" height=\"1000\" \/><\/div>\n<div class=\"syndication-links\"><\/div>","protected":false},"excerpt":{"rendered":"<div class='e-content p-summary'>Kampagnenidee f\u00fcr die Private Krankenkasse Central, die nat\u00fcrlich nicht umgesetzt worden ist. &#8220;Das Leben ist kein Arztroman.&#8221; hat sich zwar agenturintern durchgesetzt, ist dem Dann-doch-nicht-Neukunden zusammen mit anderen Ideen auch pr\u00e4sentiert worden, aber dieser hat sich im Pitch f\u00fcr eine andere Werberei entschieden. TVC 1 In einer schicken Arztpraxis. Untermalt von kitschiger Musik, klopft es [&hellip;]<\/div>\n","protected":false},"author":1,"featured_media":0,"parent":56,"menu_order":0,"comment_status":"open","ping_status":"open","template":"wp-custom-template-arbeitsproben","meta":{"mf2_syndication":[],"cybocfi_hide_featured_image":"","webmentions_disabled_pings":false,"webmentions_disabled":false,"footnotes":""},"class_list":["post-83","page","type-page","status-publish"],"_links":{"self":[{"href":"https:\/\/drikkes.com\/index.php?rest_route=\/wp\/v2\/pages\/83","targetHints":{"allow":["GET"]}}],"collection":[{"href":"https:\/\/drikkes.com\/index.php?rest_route=\/wp\/v2\/pages"}],"about":[{"href":"https:\/\/drikkes.com\/index.php?rest_route=\/wp\/v2\/types\/page"}],"author":[{"embeddable":true,"href":"https:\/\/drikkes.com\/index.php?rest_route=\/wp\/v2\/users\/1"}],"replies":[{"embeddable":true,"href":"https:\/\/drikkes.com\/index.php?rest_route=%2Fwp%2Fv2%2Fcomments&post=83"}],"version-history":[{"count":5,"href":"https:\/\/drikkes.com\/index.php?rest_route=\/wp\/v2\/pages\/83\/revisions"}],"predecessor-version":[{"id":14644,"href":"https:\/\/drikkes.com\/index.php?rest_route=\/wp\/v2\/pages\/83\/revisions\/14644"}],"up":[{"embeddable":true,"href":"https:\/\/drikkes.com\/index.php?rest_route=\/wp\/v2\/pages\/56"}],"wp:attachment":[{"href":"https:\/\/drikkes.com\/index.php?rest_route=%2Fwp%2Fv2%2Fmedia&parent=83"}],"curies":[{"name":"wp","href":"https:\/\/api.w.org\/{rel}","templated":true}]}}