{"id":7219,"date":"2013-08-14T09:58:01","date_gmt":"2013-08-14T07:58:01","guid":{"rendered":"http:\/\/drikkes.com\/?page_id=7219"},"modified":"2024-03-06T21:44:17","modified_gmt":"2024-03-06T20:44:17","slug":"dometic-minibars","status":"publish","type":"page","link":"https:\/\/drikkes.com\/?page_id=7219","title":{"rendered":"Dometic Minibars"},"content":{"rendered":"<div class='e-content'>\n<p>Eine optisch ansprechende Image-Kampagne f\u00fcr das neue Hero-Produkt eines Herstellers von Systemk\u00fchlschr\u00e4nken. Zwar wollte Dometic neue Wege in der Kommunikation gehen. Das Produkt selbst nicht zu zeigen, bedurfte neben der guten Idee allerdings noch ein wenig \u00dcberzeugungsarbeit seitens der Agentur. Hat sich aber gelohnt, wie ich finde.<\/p>\n\n\n\n<figure class=\"wp-block-image aligncenter size-large\"><a href=\"https:\/\/drikkes.com\/wp-content\/uploads\/2019\/10\/dometic_coke.jpg\"><img loading=\"lazy\" decoding=\"async\" width=\"709\" height=\"1024\" src=\"https:\/\/drikkes.com\/wp-content\/uploads\/2019\/10\/dometic_coke-709x1024.jpg\" alt=\"\" class=\"wp-image-16962\" srcset=\"https:\/\/drikkes.com\/wp-content\/uploads\/2019\/10\/dometic_coke-709x1024.jpg 709w, https:\/\/drikkes.com\/wp-content\/uploads\/2019\/10\/dometic_coke-208x300.jpg 208w, https:\/\/drikkes.com\/wp-content\/uploads\/2019\/10\/dometic_coke-768x1109.jpg 768w, https:\/\/drikkes.com\/wp-content\/uploads\/2019\/10\/dometic_coke-1064x1536.jpg 1064w, https:\/\/drikkes.com\/wp-content\/uploads\/2019\/10\/dometic_coke.jpg 1195w\" sizes=\"auto, (max-width: 709px) 100vw, 709px\" \/><\/a><\/figure>\n\n\n\n<p>Witz und Hingucker der Anzeigenmotive sind nat\u00fcrlich die Flaschen, bei denen jeder erkennt, um welche Produkte es sich handelt, auch wenn die Markennamen nirgends zu lesen sind, sondern nur mit Formen und Farben angedeutet werden.<\/p>\n\n\n\n<figure class=\"wp-block-image aligncenter size-large\"><a href=\"https:\/\/drikkes.com\/wp-content\/uploads\/2019\/10\/dometic_heineken.jpg\"><img loading=\"lazy\" decoding=\"async\" width=\"710\" height=\"1024\" src=\"https:\/\/drikkes.com\/wp-content\/uploads\/2019\/10\/dometic_heineken-710x1024.jpg\" alt=\"\" class=\"wp-image-16963\" srcset=\"https:\/\/drikkes.com\/wp-content\/uploads\/2019\/10\/dometic_heineken-710x1024.jpg 710w, https:\/\/drikkes.com\/wp-content\/uploads\/2019\/10\/dometic_heineken-208x300.jpg 208w, https:\/\/drikkes.com\/wp-content\/uploads\/2019\/10\/dometic_heineken-768x1107.jpg 768w, https:\/\/drikkes.com\/wp-content\/uploads\/2019\/10\/dometic_heineken-1065x1536.jpg 1065w, https:\/\/drikkes.com\/wp-content\/uploads\/2019\/10\/dometic_heineken.jpg 1195w\" sizes=\"auto, (max-width: 710px) 100vw, 710px\" \/><\/a><\/figure>\n\n\n\n<p>Meine Idee war es eigentlich, mit verschiedenen Getr\u00e4nken auch verschiedene Sorten von Hotels anzusprechen. Coca-Cola oder Heineken f\u00fcr Lifestyle-Hotels bzw. die j\u00fcngere Zielgruppe, eine Champagnerflasche<sup data-fn=\"ea663f18-d2fd-4be5-b8c8-686dd41362cc\" class=\"fn\"><a href=\"#ea663f18-d2fd-4be5-b8c8-686dd41362cc\" id=\"ea663f18-d2fd-4be5-b8c8-686dd41362cc-link\">1<\/a><\/sup> f\u00fcr das gehobene Segment sowie eine Flasche Perrier f\u00fcr den Bereich Wellness\/Erholung.<\/p>\n\n\n\n<figure class=\"wp-block-image aligncenter size-large\"><a href=\"https:\/\/drikkes.com\/wp-content\/uploads\/2019\/10\/dometic_orangina.jpg\"><img loading=\"lazy\" decoding=\"async\" width=\"712\" height=\"1024\" src=\"https:\/\/drikkes.com\/wp-content\/uploads\/2019\/10\/dometic_orangina-712x1024.jpg\" alt=\"\" class=\"wp-image-16964\" srcset=\"https:\/\/drikkes.com\/wp-content\/uploads\/2019\/10\/dometic_orangina-712x1024.jpg 712w, https:\/\/drikkes.com\/wp-content\/uploads\/2019\/10\/dometic_orangina-209x300.jpg 209w, https:\/\/drikkes.com\/wp-content\/uploads\/2019\/10\/dometic_orangina-768x1104.jpg 768w, https:\/\/drikkes.com\/wp-content\/uploads\/2019\/10\/dometic_orangina-1068x1536.jpg 1068w, https:\/\/drikkes.com\/wp-content\/uploads\/2019\/10\/dometic_orangina.jpg 1197w\" sizes=\"auto, (max-width: 712px) 100vw, 712px\" \/><\/a><\/figure>\n\n\n\n<p>In dem Fall w\u00e4re der Spruch auf der jeweiligen Anzeige nat\u00fcrlich anders ausgefallen, etwa &#8220;Now you can measure luxury.&#8221; oder &#8220;Lifestyle is now countable.&#8221; &#8211; selbstverst\u00e4ndlich inklusive angepassten Copies. Mir gef\u00e4llt die allgemeine finale Headline in ihrer Doppeldeutigkeit aber beinahe ebenso gut.<sup data-fn=\"a6c9da3b-84c3-49d9-bb9f-df36c54017f8\" class=\"fn\"><a href=\"#a6c9da3b-84c3-49d9-bb9f-df36c54017f8\" id=\"a6c9da3b-84c3-49d9-bb9f-df36c54017f8-link\">2<\/a><\/sup><\/p>\n\n\n<ol class=\"wp-block-footnotes\"><li id=\"ea663f18-d2fd-4be5-b8c8-686dd41362cc\">Welche w\u00e4re besser geeignet: Mo\u00ebt &amp; Chandon oder Veuve Clicquot? <a href=\"#ea663f18-d2fd-4be5-b8c8-686dd41362cc-link\" aria-label=\"Jump to footnote reference 1\">\u21a9\ufe0e<\/a><\/li><li id=\"a6c9da3b-84c3-49d9-bb9f-df36c54017f8\">Hat mir zumindest meine bisher einzige Erw\u00e4hnung auf <a href=\"http:\/\/adsoftheworld.com\/creative\/hendrik_spree\">adsoftheworld.com\/<\/a> eingebracht. <a href=\"#a6c9da3b-84c3-49d9-bb9f-df36c54017f8-link\" aria-label=\"Jump to footnote reference 2\">\u21a9\ufe0e<\/a><\/li><\/ol><\/div><div class=\"syndication-links\"><\/div>","protected":false},"excerpt":{"rendered":"<div class='e-content p-summary'>Eine optisch ansprechende Image-Kampagne f\u00fcr das neue Hero-Produkt eines Herstellers von Systemk\u00fchlschr\u00e4nken. Zwar wollte Dometic neue Wege in der Kommunikation gehen. Das Produkt selbst nicht zu zeigen, bedurfte neben der guten Idee allerdings noch ein wenig \u00dcberzeugungsarbeit seitens der Agentur. Hat sich aber gelohnt, wie ich finde. Witz und Hingucker der Anzeigenmotive sind nat\u00fcrlich die [&hellip;]<\/div>\n","protected":false},"author":1,"featured_media":0,"parent":15175,"menu_order":0,"comment_status":"open","ping_status":"open","template":"wp-custom-template-arbeitsproben","meta":{"mf2_syndication":[],"cybocfi_hide_featured_image":"","webmentions_disabled_pings":false,"webmentions_disabled":false,"footnotes":"[{\"content\":\"Welche w\u00e4re besser geeignet: Mo\u00ebt &amp; Chandon oder Veuve Clicquot?\",\"id\":\"ea663f18-d2fd-4be5-b8c8-686dd41362cc\"},{\"content\":\"Hat mir zumindest meine bisher einzige Erw\u00e4hnung auf <a href=\\\"http:\/\/adsoftheworld.com\/creative\/hendrik_spree\\\">adsoftheworld.com\/<\/a> eingebracht.\",\"id\":\"a6c9da3b-84c3-49d9-bb9f-df36c54017f8\"}]"},"class_list":["post-7219","page","type-page","status-publish"],"_links":{"self":[{"href":"https:\/\/drikkes.com\/index.php?rest_route=\/wp\/v2\/pages\/7219","targetHints":{"allow":["GET"]}}],"collection":[{"href":"https:\/\/drikkes.com\/index.php?rest_route=\/wp\/v2\/pages"}],"about":[{"href":"https:\/\/drikkes.com\/index.php?rest_route=\/wp\/v2\/types\/page"}],"author":[{"embeddable":true,"href":"https:\/\/drikkes.com\/index.php?rest_route=\/wp\/v2\/users\/1"}],"replies":[{"embeddable":true,"href":"https:\/\/drikkes.com\/index.php?rest_route=%2Fwp%2Fv2%2Fcomments&post=7219"}],"version-history":[{"count":9,"href":"https:\/\/drikkes.com\/index.php?rest_route=\/wp\/v2\/pages\/7219\/revisions"}],"predecessor-version":[{"id":18921,"href":"https:\/\/drikkes.com\/index.php?rest_route=\/wp\/v2\/pages\/7219\/revisions\/18921"}],"up":[{"embeddable":true,"href":"https:\/\/drikkes.com\/index.php?rest_route=\/wp\/v2\/pages\/15175"}],"wp:attachment":[{"href":"https:\/\/drikkes.com\/index.php?rest_route=%2Fwp%2Fv2%2Fmedia&parent=7219"}],"curies":[{"name":"wp","href":"https:\/\/api.w.org\/{rel}","templated":true}]}}