{"id":6058,"date":"2012-11-19T23:07:02","date_gmt":"2012-11-19T21:07:02","guid":{"rendered":"http:\/\/drikkes.com\/?page_id=6058"},"modified":"2012-11-19T23:14:46","modified_gmt":"2012-11-19T21:14:46","slug":"stijlroyal-6375","status":"publish","type":"page","link":"https:\/\/drikkes.com\/?page_id=6058","title":{"rendered":"Stijlroyal 63,75"},"content":{"rendered":"<div class='e-content'><em>Die Leute von <a href=\"http:\/\/www.stijlroyal.com\/\">Stijlroyal<\/a> haben mal wieder etwas ver\u00f6ffentlicht. Diesmal ist es kein Magazin, sondern <a href=\"http:\/\/www.whatabouttee.de\/index.php\/stijlroyal\/63-75\/buch-63-75.html\">ein veritables Buch<\/a> geworden. Und was soll ich gro\u00df sagen &#8211; ich bin darin neben 62 weiteren Schreibern auch mit einem Text vertreten. Informationen zur Entstehungsgeschichte dieses epischen Monumentalwerks finden Sie <a href=\"http:\/\/blogroyal.de\/6375-auf-ein-wort\/\">hier<\/a>, nachfolgend dokumentiert lesen Sie die von meiner Wenigkeit beigetragenen Zeilen. Danke, da\u00df ich dabeisein durfte, <a href=\"http:\/\/twitter.com\/HuckHaas\">Huck<\/a>.<\/em><\/p>\n<p><a href=\"https:\/\/drikkes.com\/wp-content\/uploads\/2012\/11\/Photo1-2.jpg\"><img loading=\"lazy\" decoding=\"async\" src=\"https:\/\/drikkes.com\/wp-content\/uploads\/2012\/11\/Photo1-2-1024x768.jpg\" alt=\"Stijlroyal Algarve Spree\" title=\"Photo1 2\" width=\"950\" height=\"710\" class=\"alignleft size-large wp-image-6062\" \/><\/a><\/p>\n<h2>Restaurant Algarve<\/h2>\n<p>Damals Anfang 2004, als der Wirt der Algarve auf die Idee kam, sein bis dato beschauliches Etablissement in eine wahre Schaubude zu verwandeln. Anla\u00df war die in seinem Heimatland Portugal ausgetragene Fu\u00dfballeuropameisterschaft, wohlgemerkt bevor zur WM 2006 das schwarzrotaufgegeilte Public Viewing \u00fcberhaupt erfunden worden war. <\/p>\n<p>Wir standen der ganzen Sache von Beginn an \u00e4u\u00dferst skeptisch gegen\u00fcber. Unsere stammgastronomische Verpflegungsst\u00e4tte sollte sich in einen beamerbelichteten Flimmerkasten verwandeln? Zwar waren wir alle bem\u00fcht, jegliches Dandytum &#8211; wie sie eine gewiss volksferne Fu\u00dfballverachtung gewiss mit sich br\u00e4chte &#8211; zu vermeiden und gaben uns deshalb ballsportinteressiert, wenn schon nicht -fanatisch, aber dann doch bitte nur mit lokalcoloriertem Anstrich. Nationalmannschaft, nein danke. <\/p>\n<p>Also trommelten wir aus allen Herrgottswinkeln Wiesbadens Aktivisten zusammen, auf da\u00df sie sich an die ochsenblutigen Dielen des Algarvendlandes ketteten, um den drohenden Umbau des Abendlandes &#8211; oder zumindest seines asyls\u00fcchtigen bis gastarbeitenden westlichsten Landzipfels &#8211; zu verhindern. Denn in Erwartung ungeheuerlicher Menschenmassen lie\u00dfen die Baupl\u00e4ne des pl\u00f6tzlich praktisch veranlagten Wirtes das Schlimmste bef\u00fcrchten. Die Fenster w\u00fcrden nur das TV-Bild st\u00f6rendes Sonnenlicht hereinlassen und deshalb zumindest an der S\u00fcdwand des Gastraumes zugemauert werden; \u00fcberhaupt sei die so entstehende massive Wand als eine Hommage an das Felsenstadion von Braga zu verstehen. Der ohnehin schwer zu reinigende Holzfu\u00dfboden sollte k\u00e4rcherstrahlenbest\u00e4ndigen Kacheln weichen.  Wir besetzen derweil die Baustelle in spe und stimmten dabei &#8220;Es gibt &#8216;Das Todesjahr des Ricardo Reis&#8217;, Baby&#8221; im Kanon an. Sch\u00f6nes M\u00e4dchen, sch\u00fcttle Deinen Kopf f\u00fcr uns. <\/p>\n<p>Der Wirt lie\u00df in der Folge nichts unversucht, uns umzustimmen. Nachdem gutes Zureden nicht fruchtete, probierte er es mit Bestechung. Aber welche Spezialit\u00e4ten der portugiesischen Kulinaristik er auch gratis auffuhr, er kassierte stets eine Abfuhr. Dann wollte er uns mit Alkohol gef\u00fcgig machen, doch weder Super Bockbier, noch Vinho Verde und selbst erlesenste Portweinjahrg\u00e4nge halfen &#8211; wir blieben standhaft bei unserer Sitzblockade. Nach dem Zuckerbrot dann der Strategiewechsel zur Peitsche: Fado-Dauerbeschallung, immer wieder Madredeus, den Soundtrack von &#8216;Lisbon Story&#8217; bis zum Abwinken. Wir waren raus. <\/p>\n<blockquote><p>&#8220;Es gibt eine seelische Niedergeschlagenheit, die weitergehender ist als alle Angst und aller Schmerz; ich glaube, sie ist nur denen bekannt, die Angst und Schmerz meiden und sich selbst gegen\u00fcber so diplomatisch sind, ihrem eigenen \u00dcberdru\u00df aus dem Weg zu gehen. Da sie auf diese Weise zu gegen die Welt gepanzerten Wesen werden, verwundert es nicht, da\u00df sie in Momenten der Bewu\u00dftwerdung pl\u00f6tzlich die ganze Last ihres Panzers wahrnehmen und das Leben als eine umgekehrte Angst, als einen nicht erlittenen Schmerz.&#8221;<br \/>\n(Fernando Pessoa, Das Buch der Unruhe)<\/p><\/blockquote>\n<p>Wochen sp\u00e4teritum: Das ganze Vorhaben floppte vor allem in gastwirtschaftlicher Hinsicht grandios, zu so gut wie jedem Spiel blieb die Algarve leer. Einzig zu den Spielen ihrer Mannschaft kamen die st\u00e4mmigen Portugiesen sowie die Portugiesischst\u00e4mmigen. Wir sahen uns die EM aus pflichtgef\u00fchlter Trotzigkeit woanders an, nach dem Ausscheiden Deutschlands in der Vorrunde waren wir hellassichtig von einer albernen Sportsbar im Westend in ein griechisches Restaurant umgezogen, um dort die Spiele der Finalrunde zu verfolgen. Hier gab es zwar f\u00fcr jedes griechische Tor eine Runde Ouzo aufs Haus, bei der defensiven Spielweise der meisterlichen Rehagelelf reichte das allerdings bei weitem nicht, um davon betrunken geworden zu sein. <\/p>\n<p>Tage nach dem Endspiel lief ich scheinbar zuf\u00e4llig den Kaiser-Friedrich-Ring entlang, als ich den Wirt vor der offenen T\u00fcr der Algarve erblickte. Im selben Moment schaute auch er vom Fegen des B\u00fcrgersteigs auf und sah mich an. Wortlos bat er mich einzutreten, ebenfalls nur mit einer Geste wies er mir einen Tisch an. Als er, immer noch ohne einen Ton von sich gegeben zu haben, in die K\u00fcche verschwand, lie\u00df ich meine Augen durch den kaum wiederzuerkennenden Gastronomiebetrieb wandern. Schadenfreude wollte sich bei mir nicht einstellen, aber auch kein Mitleid. Mit einer Gitarre an der Wand, ein paar Fischernetzen und \u00e4hnlichem Kram war mehr schlecht als recht versucht worden, die gr\u00f6bsten Baus\u00fcnden zu \u00fcbert\u00fcnchen. <\/p>\n<p>Ich schob die Speisekarte quer \u00fcber die h\u00e4ssliche Tischdecke weit von mir.<\/p><\/div>\n<div class=\"syndication-links\"><\/div>","protected":false},"excerpt":{"rendered":"<div class='e-content p-summary'>Die Leute von Stijlroyal haben mal wieder etwas ver\u00f6ffentlicht. Diesmal ist es kein Magazin, sondern ein veritables Buch geworden. Und was soll ich gro\u00df sagen &#8211; ich bin darin neben 62 weiteren Schreibern auch mit einem Text vertreten. Informationen zur Entstehungsgeschichte dieses epischen Monumentalwerks finden Sie hier, nachfolgend dokumentiert lesen Sie die von meiner Wenigkeit [&hellip;]<\/div>\n","protected":false},"author":1,"featured_media":0,"parent":26,"menu_order":0,"comment_status":"open","ping_status":"open","template":"","meta":{"mf2_syndication":[],"cybocfi_hide_featured_image":"","webmentions_disabled_pings":false,"webmentions_disabled":false,"footnotes":""},"class_list":["post-6058","page","type-page","status-publish"],"_links":{"self":[{"href":"https:\/\/drikkes.com\/index.php?rest_route=\/wp\/v2\/pages\/6058","targetHints":{"allow":["GET"]}}],"collection":[{"href":"https:\/\/drikkes.com\/index.php?rest_route=\/wp\/v2\/pages"}],"about":[{"href":"https:\/\/drikkes.com\/index.php?rest_route=\/wp\/v2\/types\/page"}],"author":[{"embeddable":true,"href":"https:\/\/drikkes.com\/index.php?rest_route=\/wp\/v2\/users\/1"}],"replies":[{"embeddable":true,"href":"https:\/\/drikkes.com\/index.php?rest_route=%2Fwp%2Fv2%2Fcomments&post=6058"}],"version-history":[{"count":13,"href":"https:\/\/drikkes.com\/index.php?rest_route=\/wp\/v2\/pages\/6058\/revisions"}],"predecessor-version":[{"id":6073,"href":"https:\/\/drikkes.com\/index.php?rest_route=\/wp\/v2\/pages\/6058\/revisions\/6073"}],"up":[{"embeddable":true,"href":"https:\/\/drikkes.com\/index.php?rest_route=\/wp\/v2\/pages\/26"}],"wp:attachment":[{"href":"https:\/\/drikkes.com\/index.php?rest_route=%2Fwp%2Fv2%2Fmedia&parent=6058"}],"curies":[{"name":"wp","href":"https:\/\/api.w.org\/{rel}","templated":true}]}}