{"id":19928,"date":"2025-08-21T14:02:41","date_gmt":"2025-08-21T13:02:41","guid":{"rendered":"https:\/\/drikkes.com\/?page_id=19928"},"modified":"2025-09-12T10:07:11","modified_gmt":"2025-09-12T09:07:11","slug":"rv","status":"publish","type":"page","link":"https:\/\/drikkes.com\/?page_id=19928","title":{"rendered":"R+V"},"content":{"rendered":"<div class='e-content'>\n<p>F\u00fcr die Versicherung im Verbund der Volksbanken Raiffeisenbanken habe ich als verantwortlicher Senior Copywriter f\u00fcr meine Agentur 2025 eine Abverkaufskampagne konzipiert, getextet und in Zusammenarbeit mit zwei externen Produktionsfirmen umgesetzt.<\/p>\n\n\n\n<div style=\"padding:56.25% 0 0 0;position:relative;\"><iframe src=\"https:\/\/player.vimeo.com\/video\/1111963790?badge=0&amp;autopause=0&amp;player_id=0&amp;app_id=58479\" frameborder=\"0\" allow=\"autoplay; fullscreen; picture-in-picture; clipboard-write; encrypted-media; web-share\" referrerpolicy=\"strict-origin-when-cross-origin\" style=\"position:absolute;top:0;left:0;width:100%;height:100%;\" title=\"Cashback Day Privathaftpflicht\"><\/iframe><\/div><script src=\"https:\/\/player.vimeo.com\/api\/player.js\"><\/script>\n\n\n\n<p class=\"has-text-align-center has-small-font-size\"><em>(auf <a href=\"https:\/\/www.youtube.com\/watch?v=J9bHe_fxiog\">YouTube<\/a> ansehen)<\/em><\/p>\n\n\n\n<p>Kern der Kampagne waren einzelne Werbespots f\u00fcr die drei wichtigsten Produktgruppen: Privathaftpflicht-, Kraftfahrzeug- und Krankenzusatzversicherungen. In allen davon informiert das langj\u00e4hrige Cashback-Testimonial Enie van de Meiklokjes auf spielerische Weise \u00fcber die Angebotsvorteile.<\/p>\n\n\n\n<div style=\"padding:56.25% 0 0 0;position:relative;\"><iframe src=\"https:\/\/player.vimeo.com\/video\/1111964869?badge=0&amp;autopause=0&amp;player_id=0&amp;app_id=58479\" frameborder=\"0\" allow=\"autoplay; fullscreen; picture-in-picture; clipboard-write; encrypted-media; web-share\" referrerpolicy=\"strict-origin-when-cross-origin\" style=\"position:absolute;top:0;left:0;width:100%;height:100%;\" title=\"Cashback Day Kfz\"><\/iframe><\/div><script src=\"https:\/\/player.vimeo.com\/api\/player.js\"><\/script>\n\n\n\n<p class=\"has-text-align-center has-small-font-size\"><em>(auf <a href=\"https:\/\/www.youtube.com\/watch?v=Hgn1bi4-GJ4\">YouTube<\/a> ansehen)<\/em><\/p>\n\n\n\n<p>Hier nur die Langversionen der Spots \u2013 es gab nat\u00fcrlich unz\u00e4hlige Abformate in verschiedenen L\u00e4ngen, hoch sowie quer, als Bankenkooperation oder Stand-alone, sogar mit passgenauen Endings f\u00fcr die verschiedenen Funnel-Phasen.<\/p>\n\n\n\n<p>Alles begleitet durch passende Kampagnen-Assets von Social Media bis Point of Sale.<\/p>\n\n\n\n<div style=\"padding:56.25% 0 0 0;position:relative;\"><iframe src=\"https:\/\/player.vimeo.com\/video\/1111965598?badge=0&amp;autopause=0&amp;player_id=0&amp;app_id=58479\" frameborder=\"0\" allow=\"autoplay; fullscreen; picture-in-picture; clipboard-write; encrypted-media; web-share\" referrerpolicy=\"strict-origin-when-cross-origin\" style=\"position:absolute;top:0;left:0;width:100%;height:100%;\" title=\"Cashback Day Gesundheitsabsicherung\"><\/iframe><\/div><script src=\"https:\/\/player.vimeo.com\/api\/player.js\"><\/script>\n\n\n\n<p class=\"has-text-align-center has-small-font-size\"><em>(auf <a href=\"https:\/\/www.youtube.com\/watch?v=atGh8U_xQLY\">YouTube<\/a> ansehen)<\/em><\/p>\n\n\n\n<p>\u00dcbrigens so erfolgreich, da\u00df die Kampagne mit leichten Anpassungen in 2026 erneut gespielt wird. Weiterhin mit uns als federf\u00fchrender Agentur. Einer von vielen Jobs f\u00fcr die R+V, die wir kontinuierlich bei den unterchiedlichsten Kommunikationsprojekten unterst\u00fctzen.<\/p>\n\n\n\n<figure class=\"wp-block-embed is-type-video is-provider-youtube wp-block-embed-youtube wp-embed-aspect-16-9 wp-has-aspect-ratio\"><div class=\"wp-block-embed__wrapper\">\n<iframe loading=\"lazy\" title=\"Enie erkl\u00e4rt Mitgliedschaft &amp; Cashback\" width=\"500\" height=\"281\" src=\"https:\/\/www.youtube.com\/embed\/YMgsFuzd_Uo?feature=oembed\" frameborder=\"0\" allow=\"accelerometer; autoplay; clipboard-write; encrypted-media; gyroscope; picture-in-picture; web-share\" referrerpolicy=\"strict-origin-when-cross-origin\" allowfullscreen><\/iframe>\n<\/div><\/figure>\n\n\n\n<hr class=\"wp-block-separator has-alpha-channel-opacity\"\/>\n<\/div><div class=\"syndication-links\"><\/div>","protected":false},"excerpt":{"rendered":"<div class='e-content p-summary'>F\u00fcr die Versicherung im Verbund der Volksbanken Raiffeisenbanken habe ich als verantwortlicher Senior Copywriter f\u00fcr meine Agentur 2025 eine Abverkaufskampagne konzipiert, getextet und in Zusammenarbeit mit zwei externen Produktionsfirmen umgesetzt. (auf YouTube ansehen) Kern der Kampagne waren einzelne Werbespots f\u00fcr die drei wichtigsten Produktgruppen: Privathaftpflicht-, Kraftfahrzeug- und Krankenzusatzversicherungen. In allen davon informiert das langj\u00e4hrige Cashback-Testimonial [&hellip;]<\/div>\n","protected":false},"author":1,"featured_media":0,"parent":56,"menu_order":0,"comment_status":"open","ping_status":"open","template":"","meta":{"mf2_syndication":[],"cybocfi_hide_featured_image":"","webmentions_disabled_pings":false,"webmentions_disabled":false,"footnotes":""},"class_list":["post-19928","page","type-page","status-publish"],"_links":{"self":[{"href":"https:\/\/drikkes.com\/index.php?rest_route=\/wp\/v2\/pages\/19928","targetHints":{"allow":["GET"]}}],"collection":[{"href":"https:\/\/drikkes.com\/index.php?rest_route=\/wp\/v2\/pages"}],"about":[{"href":"https:\/\/drikkes.com\/index.php?rest_route=\/wp\/v2\/types\/page"}],"author":[{"embeddable":true,"href":"https:\/\/drikkes.com\/index.php?rest_route=\/wp\/v2\/users\/1"}],"replies":[{"embeddable":true,"href":"https:\/\/drikkes.com\/index.php?rest_route=%2Fwp%2Fv2%2Fcomments&post=19928"}],"version-history":[{"count":6,"href":"https:\/\/drikkes.com\/index.php?rest_route=\/wp\/v2\/pages\/19928\/revisions"}],"predecessor-version":[{"id":19986,"href":"https:\/\/drikkes.com\/index.php?rest_route=\/wp\/v2\/pages\/19928\/revisions\/19986"}],"up":[{"embeddable":true,"href":"https:\/\/drikkes.com\/index.php?rest_route=\/wp\/v2\/pages\/56"}],"wp:attachment":[{"href":"https:\/\/drikkes.com\/index.php?rest_route=%2Fwp%2Fv2%2Fmedia&parent=19928"}],"curies":[{"name":"wp","href":"https:\/\/api.w.org\/{rel}","templated":true}]}}