{"id":19233,"date":"2024-07-30T13:20:42","date_gmt":"2024-07-30T12:20:42","guid":{"rendered":"https:\/\/drikkes.com\/?page_id=19233"},"modified":"2025-10-13T09:06:56","modified_gmt":"2025-10-13T08:06:56","slug":"about","status":"publish","type":"page","link":"https:\/\/drikkes.com\/?page_id=19233","title":{"rendered":"About a Boy"},"content":{"rendered":"<div class='e-content'>\n<p class=\"has-background-color has-primary-background-color has-text-color has-background has-link-color has-large-font-size wp-elements-226ec097056944c0421457f8d688ab5f\">HENDRIK SPREE ist genau f\u00fcnfzig Tage geboren, bevor der King das Zeitliche gesegnet hat \u2013 und zwar in Ostfriesland, nicht in Tennesee. Wohnte Hendrik Spree in den U.S. of A., er antwortete jedesmal &#8220;OMG!&#8221;, wenn jemand &#8220;Phone is ringing.&#8221; sagte. Weil er die Beastie Boys eigentlich lieber mag als Elvis Presley.<\/p>\n\n\n\n<figure class=\"wp-block-image size-large\"><img decoding=\"async\" src=\"https:\/\/cdn.uploads.micro.blog\/154463\/2024\/rap-drik.jpg\" alt=\"\"\/><\/figure>\n\n\n\n<p class=\"has-background-color has-custom-rot-background-color has-text-color has-background has-link-color has-large-font-size wp-elements-03598f9fbe9d34a49b2e65186d37e6f8\">Um die Jahrtausendwende hat er Literatur, Philosophie und Geschichte in Bochum studiert. Und was hat er davon, au\u00dfer auch Jahre sp\u00e4ter bei seinem akademischen Titel nur an &#8220;Phil? Phil Connors?&#8221; denken zu k\u00f6nnen: Er ist bekennender Fan des VfL.<\/p>\n\n\n\n<figure class=\"wp-block-image size-large\"><a href=\"https:\/\/drikkes.com\/wp-content\/uploads\/2024\/03\/A_striking_3D_render_of_the_name_Hendrik_writt.jpg\"><img loading=\"lazy\" decoding=\"async\" width=\"1024\" height=\"576\" src=\"https:\/\/drikkes.com\/wp-content\/uploads\/2024\/03\/A_striking_3D_render_of_the_name_Hendrik_writt-1024x576.jpg\" alt=\"\" class=\"wp-image-19040\" srcset=\"https:\/\/drikkes.com\/wp-content\/uploads\/2024\/03\/A_striking_3D_render_of_the_name_Hendrik_writt-1024x576.jpg 1024w, https:\/\/drikkes.com\/wp-content\/uploads\/2024\/03\/A_striking_3D_render_of_the_name_Hendrik_writt-300x169.jpg 300w, https:\/\/drikkes.com\/wp-content\/uploads\/2024\/03\/A_striking_3D_render_of_the_name_Hendrik_writt-768x432.jpg 768w, https:\/\/drikkes.com\/wp-content\/uploads\/2024\/03\/A_striking_3D_render_of_the_name_Hendrik_writt.jpg 1280w\" sizes=\"auto, (max-width: 1024px) 100vw, 1024px\" \/><\/a><\/figure>\n\n\n\n<p class=\"has-background-color has-primary-background-color has-text-color has-background has-link-color has-large-font-size wp-elements-7a4de96ecd0c2fc4cfa75b5c6f9ab724\">Hendrik Spree benutzt privat die alte Rechtschreibung und wohnt nicht in Berlin. Er denkt sich Sachen aus und textet f\u00fcr Geld, derzeit in Vollzeit sowie Festanstellung bei <a href=\"https:\/\/try-no-agency.com\/\" target=\"_blank\" rel=\"noreferrer noopener\">keiner Werbeagentur<\/a>.<\/p>\n\n\n\n<figure class=\"wp-block-image size-large\"><img decoding=\"async\" src=\"https:\/\/drikkes.wordpress.com\/wp-content\/uploads\/2008\/10\/bild-12.png\" alt=\"\"\/><\/figure>\n\n\n\n<p class=\"has-text-align-center has-background-background-color has-background has-large-font-size\">Legal: <a href=\"https:\/\/drikkes.com\/?page_id=14951\">Disclaimer<\/a> &amp; Copyleft &amp; <a href=\"https:\/\/drikkes.com\/?page_id=14942\">Policy<\/a>.<\/p>\n\n\n\n<figure class=\"wp-block-image size-large\"><a href=\"https:\/\/drikkes.com\/wp-content\/uploads\/2010\/09\/IMG_1214.jpg\"><img loading=\"lazy\" decoding=\"async\" width=\"1024\" height=\"764\" src=\"https:\/\/drikkes.com\/wp-content\/uploads\/2010\/09\/IMG_1214-1024x764.jpg\" alt=\"\" class=\"wp-image-1719\" srcset=\"https:\/\/drikkes.com\/wp-content\/uploads\/2010\/09\/IMG_1214-1024x764.jpg 1024w, https:\/\/drikkes.com\/wp-content\/uploads\/2010\/09\/IMG_1214-300x224.jpg 300w\" sizes=\"auto, (max-width: 1024px) 100vw, 1024px\" \/><\/a><\/figure>\n\n\n\n<div style=\"height:100px\" aria-hidden=\"true\" class=\"wp-block-spacer\"><\/div>\n\n\n\n<div class=\"wp-block-columns are-vertically-aligned-top is-layout-flex wp-container-core-columns-is-layout-28f84493 wp-block-columns-is-layout-flex\">\n<div class=\"wp-block-column is-vertically-aligned-top is-layout-flow wp-block-column-is-layout-flow\">\n<h4 class=\"wp-block-heading\">Hierso<\/h4>\n\n\n\n<p><a href=\"https:\/\/drikkes.com\/vcard.vcf\">Kontakt<\/a><\/p>\n\n\n\n<p><a href=\"https:\/\/drikkes.com\/?page_id=17067\">RSS &amp; Co<\/a><\/p>\n\n\n\n<p><a href=\"https:\/\/drikkes.com\/?page_id=2347\">Blogroll<\/a><\/p>\n<\/div>\n\n\n\n<div class=\"wp-block-column is-vertically-aligned-top is-layout-flow wp-block-column-is-layout-flow\">\n<h4 class=\"wp-block-heading\">Anderswo<\/h4>\n\n\n\n<p><a href=\"https:\/\/www.goodreads.com\/user\/show\/7268778-hendrik-spree\">goodreads.com<\/a><\/p>\n\n\n\n<p><a href=\"https:\/\/drikk.es\/\">micro.blog<\/a><\/p>\n\n\n\n<p><a href=\"https:\/\/www.diigo.com\/user\/drikkes\">diigo.com<\/a><\/p>\n\n\n\n<p><a href=\"https:\/\/www.are.na\/drik-s\/channels\">are.na<\/a><\/p>\n<\/div>\n\n\n\n<div class=\"wp-block-column is-vertically-aligned-top is-layout-flow wp-block-column-is-layout-flow\">\n<h4 class=\"wp-block-heading\">Aufenthaltsort<\/h4>\n\n\n<div class=\"whereabouts-swarm-location\"><a class=\"venue\" href=\"https:\/\/foursquare.com\/venue\/4ae5ea03f964a5201fa321e3\">Casa SpReeSe<\/a>, <span class=\"city\">Cologne<\/span><\/div>\n<\/div>\n<\/div>\n\n\n\n<p><\/p>\n<\/div><div class=\"syndication-links\"><\/div>","protected":false},"excerpt":{"rendered":"<div class='e-content p-summary'>HENDRIK SPREE ist genau f\u00fcnfzig Tage geboren, bevor der King das Zeitliche gesegnet hat \u2013 und zwar in Ostfriesland, nicht in Tennesee. Wohnte Hendrik Spree in den U.S. of A., er antwortete jedesmal &#8220;OMG!&#8221;, wenn jemand &#8220;Phone is ringing.&#8221; sagte. Weil er die Beastie Boys eigentlich lieber mag als Elvis Presley. Um die Jahrtausendwende hat [&hellip;]<\/div>\n","protected":false},"author":1,"featured_media":0,"parent":0,"menu_order":0,"comment_status":"closed","ping_status":"open","template":"","meta":{"mf2_syndication":[],"cybocfi_hide_featured_image":"","webmentions_disabled_pings":false,"webmentions_disabled":false,"footnotes":""},"class_list":["post-19233","page","type-page","status-publish"],"_links":{"self":[{"href":"https:\/\/drikkes.com\/index.php?rest_route=\/wp\/v2\/pages\/19233","targetHints":{"allow":["GET"]}}],"collection":[{"href":"https:\/\/drikkes.com\/index.php?rest_route=\/wp\/v2\/pages"}],"about":[{"href":"https:\/\/drikkes.com\/index.php?rest_route=\/wp\/v2\/types\/page"}],"author":[{"embeddable":true,"href":"https:\/\/drikkes.com\/index.php?rest_route=\/wp\/v2\/users\/1"}],"replies":[{"embeddable":true,"href":"https:\/\/drikkes.com\/index.php?rest_route=%2Fwp%2Fv2%2Fcomments&post=19233"}],"version-history":[{"count":24,"href":"https:\/\/drikkes.com\/index.php?rest_route=\/wp\/v2\/pages\/19233\/revisions"}],"predecessor-version":[{"id":20057,"href":"https:\/\/drikkes.com\/index.php?rest_route=\/wp\/v2\/pages\/19233\/revisions\/20057"}],"wp:attachment":[{"href":"https:\/\/drikkes.com\/index.php?rest_route=%2Fwp%2Fv2%2Fmedia&parent=19233"}],"curies":[{"name":"wp","href":"https:\/\/api.w.org\/{rel}","templated":true}]}}