{"id":18980,"date":"2024-03-16T19:41:28","date_gmt":"2024-03-16T18:41:28","guid":{"rendered":"https:\/\/drikkes.com\/?page_id=18980"},"modified":"2024-03-17T00:38:19","modified_gmt":"2024-03-16T23:38:19","slug":"deutsche-telekom-2","status":"publish","type":"page","link":"https:\/\/drikkes.com\/?page_id=18980","title":{"rendered":"Deutsche Telekom"},"content":{"rendered":"<div class='e-content'>\n<p>F\u00fcr keinen Kunden habe ich in den letzten 15 Jahre \u00f6fter gearbeitet, als Deutschlands Telekommunikationsprovider Nr. 1 \u2013 und das in drei verschiedenen Agenturen.<\/p>\n\n\n\n<h3 class=\"wp-block-heading\">Content Marketing<\/h3>\n\n\n\n<p>Fast zwei Jahre lang war ich Textchef vom Dienst f\u00fcr die MEHR MAGENTA, dem Kundenmagazin der Telekom. In dieser Funktion habe ich die Themenschwerpunkte jeder Ausgabe konzipiert und das Erstellen s\u00e4mtlicher Artikel \u00fcberwacht. Und die gro\u00dfen Aufmacher habe ich mir nicht nehmen lassen, selbst zu schreiben \u2013 darunter Interviews mit Thomas M\u00fcller, Ralph Ruthe, Collien Ulmen-Fernandes und Tim Raue. <\/p>\n\n\n\n<figure class=\"wp-block-image size-large\"><img loading=\"lazy\" decoding=\"async\" width=\"1024\" height=\"576\" src=\"https:\/\/drikkes.com\/wp-content\/uploads\/2021\/10\/Mehr-Magenta-1024x576.png\" alt=\"\" class=\"wp-image-16138\" srcset=\"https:\/\/drikkes.com\/wp-content\/uploads\/2021\/10\/Mehr-Magenta-1024x576.png 1024w, https:\/\/drikkes.com\/wp-content\/uploads\/2021\/10\/Mehr-Magenta-300x169.png 300w, https:\/\/drikkes.com\/wp-content\/uploads\/2021\/10\/Mehr-Magenta-768x432.png 768w, https:\/\/drikkes.com\/wp-content\/uploads\/2021\/10\/Mehr-Magenta-1536x864.png 1536w, https:\/\/drikkes.com\/wp-content\/uploads\/2021\/10\/Mehr-Magenta.png 1920w\" sizes=\"auto, (max-width: 1024px) 100vw, 1024px\" \/><\/figure>\n\n\n\n<p>Die MEHR MAGENTA erschien etwa viertelj\u00e4hrlich mit einem Umfang von manchmal \u00fcber 100 Seiten und in einer Auflage von mindestens 100.000 Exemplaren. Wirklich schade, da\u00df dieses mehrfach ausgezeichnete Magazin eingestellt worden ist. Es war am Ende leider einfach zu teuer.<\/p>\n\n\n\n<h3 class=\"wp-block-heading\">Audio<\/h3>\n\n\n\n<p>Das Schreiben und Aufnehmen von Radiospots f\u00fcr die Telekom war w\u00e4hrend meiner Zeit bei 480hz ebenfalls eine meiner Aufgaben. Machte auch immer Spa\u00df, weil Funkies halt etwas sind, bei dem Texter mal komplett alleine arbeiten k\u00f6nnen, ohne auf Artpartner:innen angewiesen zu sein.<\/p>\n\n\n\n<audio class=\"wp-audio-shortcode\" id=\"audio-18980-1\" preload=\"none\" style=\"width: 100%;\" controls=\"controls\"><source type=\"audio\/mpeg\" src=\"https:\/\/drikkes.com\/wp-content\/uploads\/2021\/10\/@14626_448_21_FUNK20-Telekom-Sesamstrasse_V6_PARTNERWAHL-NETUERLICH-BEI.mp3?_=1\" \/><a href=\"https:\/\/drikkes.com\/wp-content\/uploads\/2021\/10\/@14626_448_21_FUNK20-Telekom-Sesamstrasse_V6_PARTNERWAHL-NETUERLICH-BEI.mp3\">https:\/\/drikkes.com\/wp-content\/uploads\/2021\/10\/@14626_448_21_FUNK20-Telekom-Sesamstrasse_V6_PARTNERWAHL-NETUERLICH-BEI.mp3<\/a><\/audio>\n\n\n\n<p>Und wenn man dann noch ordentlich Budget f\u00fcr vern\u00fcnftige Musik hat und Kooperationen mit Apple bewerben kann, kommen auch gute Spots dabei dabei rum.<\/p>\n\n\n\n<audio class=\"wp-audio-shortcode\" id=\"audio-18980-2\" preload=\"none\" style=\"width: 100%;\" controls=\"controls\"><source type=\"audio\/mpeg\" src=\"https:\/\/drikkes.com\/wp-content\/uploads\/2021\/10\/@14393_569_21_FUNK20-Telekom-M1-unlimited_V2nM_Meer_Pink_VO-vA.mp3?_=2\" \/><a href=\"https:\/\/drikkes.com\/wp-content\/uploads\/2021\/10\/@14393_569_21_FUNK20-Telekom-M1-unlimited_V2nM_Meer_Pink_VO-vA.mp3\">https:\/\/drikkes.com\/wp-content\/uploads\/2021\/10\/@14393_569_21_FUNK20-Telekom-M1-unlimited_V2nM_Meer_Pink_VO-vA.mp3<\/a><\/audio>\n\n\n\n<p>Obwohl ich v\u00f6llig verstehen kann, wieso machen vor dieser Mediendisziplin graut; es ist einfach ein ganz eigenes Genre.<\/p>\n\n\n\n<h3 class=\"wp-block-heading\">Chatbot<\/h3>\n\n\n\n<p>Bei DDB gab es monatliche Runden f\u00fcr Goldideen. F\u00fcr eine davon ist mir folgender Einfall gekommen.<\/p>\n\n\n\n<div class=\"wp-block-columns is-layout-flex wp-container-core-columns-is-layout-28f84493 wp-block-columns-is-layout-flex\">\n<div class=\"wp-block-column is-layout-flow wp-block-column-is-layout-flow\" style=\"flex-basis:100%\">\n<div class=\"wp-block-columns is-layout-flex wp-container-core-columns-is-layout-28f84493 wp-block-columns-is-layout-flex\">\n<div class=\"wp-block-column is-layout-flow wp-block-column-is-layout-flow\">\n<figure class=\"wp-block-image size-full\"><a href=\"https:\/\/drikkes.com\/wp-content\/uploads\/2021\/10\/Bildschirmfoto-2021-11-11-um-13.12.02.png\"><img loading=\"lazy\" decoding=\"async\" width=\"560\" height=\"396\" src=\"https:\/\/drikkes.com\/wp-content\/uploads\/2021\/10\/Bildschirmfoto-2021-11-11-um-13.12.02.png\" alt=\"\" class=\"wp-image-15603\" srcset=\"https:\/\/drikkes.com\/wp-content\/uploads\/2021\/10\/Bildschirmfoto-2021-11-11-um-13.12.02.png 560w, https:\/\/drikkes.com\/wp-content\/uploads\/2021\/10\/Bildschirmfoto-2021-11-11-um-13.12.02-300x212.png 300w\" sizes=\"auto, (max-width: 560px) 100vw, 560px\" \/><\/a><\/figure>\n\n\n\n<p class=\"has-text-align-right\">Als die EU Provider dazu verdonnert hat, auf ihre horrenden Auslandsgeb\u00fchren zu verzichten, habe ich mir einen Facebook Messenger ausgedacht, der automatisch die \u00dcbersetzung liefert, wenn man ein Emoji mit der Flagge der entsprechenden Landessprache postet. Hat damals es leider nicht in die Realisation geschafft, mittlerweile haben es andere allerdings als Lern-App umgesetzt.<\/p>\n<\/div>\n\n\n\n<div class=\"wp-block-column is-layout-flow wp-block-column-is-layout-flow\">\n<figure class=\"wp-block-image size-full\"><a href=\"https:\/\/drikkes.com\/wp-content\/uploads\/2021\/11\/Bildschirmfoto-2021-11-11-um-13.12.27.png\"><img loading=\"lazy\" decoding=\"async\" width=\"372\" height=\"659\" src=\"https:\/\/drikkes.com\/wp-content\/uploads\/2021\/11\/Bildschirmfoto-2021-11-11-um-13.12.27.png\" alt=\"\" class=\"wp-image-15605\" srcset=\"https:\/\/drikkes.com\/wp-content\/uploads\/2021\/11\/Bildschirmfoto-2021-11-11-um-13.12.27.png 372w, https:\/\/drikkes.com\/wp-content\/uploads\/2021\/11\/Bildschirmfoto-2021-11-11-um-13.12.27-169x300.png 169w\" sizes=\"auto, (max-width: 372px) 100vw, 372px\" \/><\/a><\/figure>\n<\/div>\n<\/div>\n<\/div>\n<\/div>\n\n\n\n<h3 class=\"wp-block-heading\">B2B &amp; intern<\/h3>\n\n\n\n<div class=\"wp-block-columns is-layout-flex wp-container-core-columns-is-layout-28f84493 wp-block-columns-is-layout-flex\">\n<div class=\"wp-block-column is-layout-flow wp-block-column-is-layout-flow\">\n<figure class=\"wp-block-image size-large\"><a href=\"https:\/\/drikkes.com\/wp-content\/uploads\/2024\/03\/ally.png\"><img loading=\"lazy\" decoding=\"async\" width=\"788\" height=\"1024\" src=\"https:\/\/drikkes.com\/wp-content\/uploads\/2024\/03\/ally-788x1024.png\" alt=\"\" class=\"wp-image-18994\" srcset=\"https:\/\/drikkes.com\/wp-content\/uploads\/2024\/03\/ally-788x1024.png 788w, https:\/\/drikkes.com\/wp-content\/uploads\/2024\/03\/ally-231x300.png 231w, https:\/\/drikkes.com\/wp-content\/uploads\/2024\/03\/ally-768x998.png 768w, https:\/\/drikkes.com\/wp-content\/uploads\/2024\/03\/ally-1182x1536.png 1182w, https:\/\/drikkes.com\/wp-content\/uploads\/2024\/03\/ally.png 1481w\" sizes=\"auto, (max-width: 788px) 100vw, 788px\" \/><\/a><\/figure>\n\n\n\n<p>F\u00fcr eine Flugzeugmesse in Malaysia dann noch diese Anzeige f\u00fcr Onboard-WiFi. (Der dilettantische Kasten im Motiv liegt daran, dass der Kunde sich schlu\u00dfendlich f\u00fcr eine andere Headline entschieden hat \u2013 die offensichtlich nicht mein Favorit gewesen ist.) <\/p>\n<\/div>\n\n\n\n<div class=\"wp-block-column is-layout-flow wp-block-column-is-layout-flow\">\n<p>Und zum Abschlu\u00df ein Motiv der internen Geburtstagskampagne f\u00fcr T-Systems. Es gab drei Motive in Deutsch und Englisch, die als Poster und Postkarten weltweit in Verwaltungsgeb\u00e4uden und Kantinen der Telekom hingen.<\/p>\n\n\n\n<figure class=\"wp-block-image size-large\"><a href=\"https:\/\/drikkes.com\/wp-content\/uploads\/2024\/03\/DTAG_Kabel.png\"><img loading=\"lazy\" decoding=\"async\" width=\"724\" height=\"1024\" src=\"https:\/\/drikkes.com\/wp-content\/uploads\/2024\/03\/DTAG_Kabel-724x1024.png\" alt=\"\" class=\"wp-image-18995\" srcset=\"https:\/\/drikkes.com\/wp-content\/uploads\/2024\/03\/DTAG_Kabel-724x1024.png 724w, https:\/\/drikkes.com\/wp-content\/uploads\/2024\/03\/DTAG_Kabel-212x300.png 212w, https:\/\/drikkes.com\/wp-content\/uploads\/2024\/03\/DTAG_Kabel-768x1087.png 768w, https:\/\/drikkes.com\/wp-content\/uploads\/2024\/03\/DTAG_Kabel-1086x1536.png 1086w, https:\/\/drikkes.com\/wp-content\/uploads\/2024\/03\/DTAG_Kabel-1448x2048.png 1448w, https:\/\/drikkes.com\/wp-content\/uploads\/2024\/03\/DTAG_Kabel.png 1683w\" sizes=\"auto, (max-width: 724px) 100vw, 724px\" \/><\/a><\/figure>\n<\/div>\n<\/div>\n<\/div><div class=\"syndication-links\"><\/div>","protected":false},"excerpt":{"rendered":"<div class='e-content p-summary'>F\u00fcr keinen Kunden habe ich in den letzten 15 Jahre \u00f6fter gearbeitet, als Deutschlands Telekommunikationsprovider Nr. 1 \u2013 und das in drei verschiedenen Agenturen. Content Marketing Fast zwei Jahre lang war ich Textchef vom Dienst f\u00fcr die MEHR MAGENTA, dem Kundenmagazin der Telekom. In dieser Funktion habe ich die Themenschwerpunkte jeder Ausgabe konzipiert und das [&hellip;]<\/div>\n","protected":false},"author":1,"featured_media":0,"parent":56,"menu_order":0,"comment_status":"closed","ping_status":"open","template":"wp-custom-template-arbeitsproben","meta":{"mf2_syndication":[],"cybocfi_hide_featured_image":"","webmentions_disabled_pings":false,"webmentions_disabled":false,"footnotes":""},"class_list":["post-18980","page","type-page","status-publish"],"_links":{"self":[{"href":"https:\/\/drikkes.com\/index.php?rest_route=\/wp\/v2\/pages\/18980","targetHints":{"allow":["GET"]}}],"collection":[{"href":"https:\/\/drikkes.com\/index.php?rest_route=\/wp\/v2\/pages"}],"about":[{"href":"https:\/\/drikkes.com\/index.php?rest_route=\/wp\/v2\/types\/page"}],"author":[{"embeddable":true,"href":"https:\/\/drikkes.com\/index.php?rest_route=\/wp\/v2\/users\/1"}],"replies":[{"embeddable":true,"href":"https:\/\/drikkes.com\/index.php?rest_route=%2Fwp%2Fv2%2Fcomments&post=18980"}],"version-history":[{"count":14,"href":"https:\/\/drikkes.com\/index.php?rest_route=\/wp\/v2\/pages\/18980\/revisions"}],"predecessor-version":[{"id":18997,"href":"https:\/\/drikkes.com\/index.php?rest_route=\/wp\/v2\/pages\/18980\/revisions\/18997"}],"up":[{"embeddable":true,"href":"https:\/\/drikkes.com\/index.php?rest_route=\/wp\/v2\/pages\/56"}],"wp:attachment":[{"href":"https:\/\/drikkes.com\/index.php?rest_route=%2Fwp%2Fv2%2Fmedia&parent=18980"}],"curies":[{"name":"wp","href":"https:\/\/api.w.org\/{rel}","templated":true}]}}