{"id":15407,"date":"2021-10-26T14:40:24","date_gmt":"2021-10-26T13:40:24","guid":{"rendered":"https:\/\/drikkes.com\/?page_id=15407"},"modified":"2024-02-06T19:06:05","modified_gmt":"2024-02-06T18:06:05","slug":"search","status":"publish","type":"page","link":"https:\/\/drikkes.com\/?page_id=15407","title":{"rendered":"Suche"},"content":{"rendered":"<div class='e-content'><iframe src=\"https:\/\/duckduckgo.com\/search.html?width=250&#038;site=drikkes.com&#038;prefill=Search drikkes.com&#038;focus=on\" style=\"overflow:hidden;margin:0;padding:0;width:308px;height:40px;\" frameborder=\"0\"><\/iframe><\/p>\n<h3>Kann ich bitte behaupten, da\u00df ich hier umst\u00e4ndlich die DuckDuckGo-Suchmaschine verwende, l\u00e4ge daran, wie sehr ich um die Privacy Concerns meiner User_innen besorgt bin?<\/h3>\n<p><em>(Und nicht daran, da\u00df ich die WP-eigene bei diesem neuen Theme nicht richtig zum Laufen gekriegt habe&#8230;)<\/em><\/div>\n<div class=\"syndication-links\"><\/div>","protected":false},"excerpt":{"rendered":"<div class='e-content p-summary'>Kann ich bitte behaupten, da\u00df ich hier umst\u00e4ndlich die DuckDuckGo-Suchmaschine verwende, l\u00e4ge daran, wie sehr ich um die Privacy Concerns meiner User_innen besorgt bin? (Und nicht daran, da\u00df ich die WP-eigene bei diesem neuen Theme nicht richtig zum Laufen gekriegt habe&#8230;)<\/div>\n","protected":false},"author":1,"featured_media":0,"parent":0,"menu_order":0,"comment_status":"closed","ping_status":"closed","template":"","meta":{"mf2_syndication":[],"cybocfi_hide_featured_image":"","webmentions_disabled_pings":false,"webmentions_disabled":false,"footnotes":""},"class_list":["post-15407","page","type-page","status-publish"],"_links":{"self":[{"href":"https:\/\/drikkes.com\/index.php?rest_route=\/wp\/v2\/pages\/15407","targetHints":{"allow":["GET"]}}],"collection":[{"href":"https:\/\/drikkes.com\/index.php?rest_route=\/wp\/v2\/pages"}],"about":[{"href":"https:\/\/drikkes.com\/index.php?rest_route=\/wp\/v2\/types\/page"}],"author":[{"embeddable":true,"href":"https:\/\/drikkes.com\/index.php?rest_route=\/wp\/v2\/users\/1"}],"replies":[{"embeddable":true,"href":"https:\/\/drikkes.com\/index.php?rest_route=%2Fwp%2Fv2%2Fcomments&post=15407"}],"version-history":[{"count":18,"href":"https:\/\/drikkes.com\/index.php?rest_route=\/wp\/v2\/pages\/15407\/revisions"}],"predecessor-version":[{"id":18715,"href":"https:\/\/drikkes.com\/index.php?rest_route=\/wp\/v2\/pages\/15407\/revisions\/18715"}],"wp:attachment":[{"href":"https:\/\/drikkes.com\/index.php?rest_route=%2Fwp%2Fv2%2Fmedia&parent=15407"}],"curies":[{"name":"wp","href":"https:\/\/api.w.org\/{rel}","templated":true}]}}