{"id":14942,"date":"2021-02-03T12:00:05","date_gmt":"2021-02-03T11:00:05","guid":{"rendered":"https:\/\/drikkes.com\/?page_id=14942"},"modified":"2024-02-12T23:49:13","modified_gmt":"2024-02-12T22:49:13","slug":"impressum","status":"publish","type":"page","link":"https:\/\/drikkes.com\/?page_id=14942","title":{"rendered":"Impressum"},"content":{"rendered":"<div class='e-content'>\n<h3>Diese Website geh\u00f6rt: Hendrik Spree<\/h3>\n<p>Hier kann man selten kommentieren, es gibt kein Kontaktformular. Die einzige M\u00f6glichkeit, \u00fcberhaupt irgendwo etwas einzugeben, ist das <a href=\"https:\/\/drikkes.com\/?page_id=17067\">Blog-Abo<\/a> per Mail. In diesem Fall kenne nicht nur ich, sondern wahrscheinlich auch WordPress Eure Adresse. Ich werde diese zu keinem Zeitpunkt weitergeben \u2013 f\u00fcr WP kann ich das nicht garantieren.<\/p>\n<p>Ihr werdet nur statische Social-Media- und keine Sharing-Buttons auf dieser Seite finden. Bis auf das eine oder andere eingebundene Video von YouTube sowie Vimeo \u2013 und manchmal kommt ein Bild direkt von Giphy (Facebook) oder so. Ich habe keine Ahnung, was diese Services mit Euren Daten anstellen. Und ich will es auch nicht wissen.<\/p>\n<p>Ich selbst sehe jedenfalls nichts davon: Auf drikkes.com l\u00e4uft kein Google-Analytics oder sonstiges Tracking-Tool. Die Site ist trotz der internationalen TLD \u00fcber DomainFactory selbstgehostet; meines Wissens steht der Server in der EU.<\/p>\n<p>Das war&#8217;s. Und deshalb halte ich ein Cookie-Banner auch nicht f\u00fcr n\u00f6tig.<\/p><\/div>\n<div class=\"syndication-links\"><\/div>","protected":false},"excerpt":{"rendered":"<div class='e-content p-summary'>Diese Website geh\u00f6rt: Hendrik Spree Hier kann man selten kommentieren, es gibt kein Kontaktformular. Die einzige M\u00f6glichkeit, \u00fcberhaupt irgendwo etwas einzugeben, ist das Blog-Abo per Mail. In diesem Fall kenne nicht nur ich, sondern wahrscheinlich auch WordPress Eure Adresse. Ich werde diese zu keinem Zeitpunkt weitergeben \u2013 f\u00fcr WP kann ich das nicht garantieren. Ihr [&hellip;]<\/div>\n","protected":false},"author":1,"featured_media":0,"parent":0,"menu_order":0,"comment_status":"closed","ping_status":"closed","template":"","meta":{"mf2_syndication":[],"cybocfi_hide_featured_image":"","webmentions_disabled_pings":false,"webmentions_disabled":false,"footnotes":""},"class_list":["post-14942","page","type-page","status-publish"],"_links":{"self":[{"href":"https:\/\/drikkes.com\/index.php?rest_route=\/wp\/v2\/pages\/14942","targetHints":{"allow":["GET"]}}],"collection":[{"href":"https:\/\/drikkes.com\/index.php?rest_route=\/wp\/v2\/pages"}],"about":[{"href":"https:\/\/drikkes.com\/index.php?rest_route=\/wp\/v2\/types\/page"}],"author":[{"embeddable":true,"href":"https:\/\/drikkes.com\/index.php?rest_route=\/wp\/v2\/users\/1"}],"replies":[{"embeddable":true,"href":"https:\/\/drikkes.com\/index.php?rest_route=%2Fwp%2Fv2%2Fcomments&post=14942"}],"version-history":[{"count":10,"href":"https:\/\/drikkes.com\/index.php?rest_route=\/wp\/v2\/pages\/14942\/revisions"}],"predecessor-version":[{"id":18769,"href":"https:\/\/drikkes.com\/index.php?rest_route=\/wp\/v2\/pages\/14942\/revisions\/18769"}],"wp:attachment":[{"href":"https:\/\/drikkes.com\/index.php?rest_route=%2Fwp%2Fv2%2Fmedia&parent=14942"}],"curies":[{"name":"wp","href":"https:\/\/api.w.org\/{rel}","templated":true}]}}