{"id":13856,"date":"2019-07-09T18:06:58","date_gmt":"2019-07-09T16:06:58","guid":{"rendered":"http:\/\/drikkes.com\/?page_id=13856"},"modified":"2024-03-06T21:22:00","modified_gmt":"2024-03-06T20:22:00","slug":"heinz-ketchup","status":"publish","type":"page","link":"https:\/\/drikkes.com\/?page_id=13856","title":{"rendered":"Heinz"},"content":{"rendered":"<div class='e-content'>Anl\u00e4\u00dflich der internationalen Jubil\u00e4umskampagne \u2018<a href=\"https:\/\/www.marketingweek.com\/heinz-150-anniversary-campaign\/\">150 years of clean plates<\/a>\u2019 sollte f\u00fcr den deutschen Markt eine VKF-Sammelaktion entwickelt werden. Der Kauf einer bestimmten Menge Saucen wurde von Heinz belohnt. Teller als Pr\u00e4mien lagen bei diesem Kampagnenkonzept nat\u00fcrlich nahe, aber die 1:1-\u00dcbernahme des schmierigen Designs wollte der Kunde dann doch nicht. Also kam ich auf diesen Vorschlag:<\/p>\n<p><img loading=\"lazy\" decoding=\"async\" class=\"aligncenter  wp-image-13857\" src=\"https:\/\/drikkes.com\/wp-content\/uploads\/2019\/07\/20180620_Heinz_150-Jahre_Teller-Design-1024x724.png\" alt=\"\" width=\"700\" height=\"495\" srcset=\"https:\/\/drikkes.com\/wp-content\/uploads\/2019\/07\/20180620_Heinz_150-Jahre_Teller-Design-1024x724.png 1024w, https:\/\/drikkes.com\/wp-content\/uploads\/2019\/07\/20180620_Heinz_150-Jahre_Teller-Design-300x212.png 300w, https:\/\/drikkes.com\/wp-content\/uploads\/2019\/07\/20180620_Heinz_150-Jahre_Teller-Design-768x543.png 768w, https:\/\/drikkes.com\/wp-content\/uploads\/2019\/07\/20180620_Heinz_150-Jahre_Teller-Design-55x39.png 55w\" sizes=\"auto, (max-width: 700px) 100vw, 700px\" \/><\/p>\n<p>Idee dahinter ist ein grillfestes Problem, das jeder kennt: Wenn man sich Nachschlag holen m\u00f6chte, wei\u00df man pl\u00f6tzlich nicht mehr, welcher der vielen umherstehenden Teller der eigene ist. Hier sind verschiede Namensteller die L\u00f6sung! Und weil die einzeln zwar witzig sind, aber richtig Sinn erst zu m\u00f6glichst vielen machen, animiert die Pr\u00e4mienserie auch gleich zu Wiederholungsk\u00e4ufen \u00fcber den \u00fcblichen Sammelcharakter hinaus.<\/p>\n<p>Die Grundidee hat der Kunde fast sofort gekauft. Nur \u00fcber die finale Auswahl der Namen ist noch einige Runden diskutiert worden.<\/p><\/div>\n<div class=\"syndication-links\"><\/div>","protected":false},"excerpt":{"rendered":"<div class='e-content p-summary'>Anl\u00e4\u00dflich der internationalen Jubil\u00e4umskampagne \u2018150 years of clean plates\u2019 sollte f\u00fcr den deutschen Markt eine VKF-Sammelaktion entwickelt werden. Der Kauf einer bestimmten Menge Saucen wurde von Heinz belohnt. Teller als Pr\u00e4mien lagen bei diesem Kampagnenkonzept nat\u00fcrlich nahe, aber die 1:1-\u00dcbernahme des schmierigen Designs wollte der Kunde dann doch nicht. Also kam ich auf diesen Vorschlag: [&hellip;]<\/div>\n","protected":false},"author":1,"featured_media":0,"parent":56,"menu_order":0,"comment_status":"closed","ping_status":"open","template":"wp-custom-template-arbeitsproben","meta":{"mf2_syndication":[],"cybocfi_hide_featured_image":"","webmentions_disabled_pings":false,"webmentions_disabled":false,"footnotes":""},"class_list":["post-13856","page","type-page","status-publish"],"_links":{"self":[{"href":"https:\/\/drikkes.com\/index.php?rest_route=\/wp\/v2\/pages\/13856","targetHints":{"allow":["GET"]}}],"collection":[{"href":"https:\/\/drikkes.com\/index.php?rest_route=\/wp\/v2\/pages"}],"about":[{"href":"https:\/\/drikkes.com\/index.php?rest_route=\/wp\/v2\/types\/page"}],"author":[{"embeddable":true,"href":"https:\/\/drikkes.com\/index.php?rest_route=\/wp\/v2\/users\/1"}],"replies":[{"embeddable":true,"href":"https:\/\/drikkes.com\/index.php?rest_route=%2Fwp%2Fv2%2Fcomments&post=13856"}],"version-history":[{"count":10,"href":"https:\/\/drikkes.com\/index.php?rest_route=\/wp\/v2\/pages\/13856\/revisions"}],"predecessor-version":[{"id":18912,"href":"https:\/\/drikkes.com\/index.php?rest_route=\/wp\/v2\/pages\/13856\/revisions\/18912"}],"up":[{"embeddable":true,"href":"https:\/\/drikkes.com\/index.php?rest_route=\/wp\/v2\/pages\/56"}],"wp:attachment":[{"href":"https:\/\/drikkes.com\/index.php?rest_route=%2Fwp%2Fv2%2Fmedia&parent=13856"}],"curies":[{"name":"wp","href":"https:\/\/api.w.org\/{rel}","templated":true}]}}