{"id":13625,"date":"2019-05-03T13:46:37","date_gmt":"2019-05-03T11:46:37","guid":{"rendered":"http:\/\/drikkes.com\/?page_id=13625"},"modified":"2024-03-06T21:37:12","modified_gmt":"2024-03-06T20:37:12","slug":"aok-rheinland-hamburg","status":"publish","type":"page","link":"https:\/\/drikkes.com\/?page_id=13625","title":{"rendered":"AOK Rheinland\/Hamburg"},"content":{"rendered":"<div class='e-content'>\n<h3>Video<\/h3>\n<p>Meine erste gr\u00f6\u00dfere Arbeit f\u00fcr die <a href=\"https:\/\/www.digitas.com\/de-de\">Digitas<\/a>: eine Jahreswechselkampagne der <strong>A<\/strong>llgemeinen <strong>O<\/strong>rts-<strong>K<\/strong>rankenkasse. Insgesamt f\u00fcnf Online-Videos bilden den Schwerpunkt der Kommunikationsma\u00dfnahmen. Von mir stammt dabei nicht nur die Grundidee der Kampagne, den testimonialischen Ansatzwunsch des Kunden dialogisch aufzul\u00f6sen, sondern auch die einzelnen Treatments.<\/p>\n<p><iframe loading=\"lazy\" src=\"https:\/\/www.youtube-nocookie.com\/embed\/FB5qjIOr6Vg?controls=0\" width=\"560\" height=\"800\" frameborder=\"0\" allowfullscreen=\"allowfullscreen\"><\/iframe><\/p>\n<p>Die Themenschwerpunkte sind vorgegeben gewesen. Inhalt der Spots sollte also immer ein bestimmter Gesundheitszuschu\u00df sein. Auch wenn dieser nicht explizit Wechselpr\u00e4mie genannt werden darf, bringen einen die 500 Euro dazu, die Wahl seines Krankenversicherers zu \u00fcberdenken.<\/p>\n<p><iframe loading=\"lazy\" src=\"https:\/\/www.youtube-nocookie.com\/embed\/Z05R59o2bec?controls=0\" width=\"560\" height=\"800\" frameborder=\"0\" allowfullscreen=\"allowfullscreen\"><\/iframe><\/p>\n<p>F\u00fcr einige Werbepl\u00e4tze sind die Spots auch als Querformate produziert worden, aber vertikal und fullscreen wirkt das mit der Smartphone-Anmutung nat\u00fcrlich um einiges besser. (Mit einem knackigeren Off-Text w\u00e4re es noch etwas eindrucksvoller gewesen, aber da lie\u00df das Legal-Department der Gesundheitskasse nicht mit sich reden.)<\/p>\n<p><iframe loading=\"lazy\" src=\"https:\/\/www.youtube-nocookie.com\/embed\/p_4vtAJlOmU?controls=0\" width=\"560\" height=\"800\" frameborder=\"0\" allowfullscreen=\"allowfullscreen\"><\/iframe><\/p>\n<p>Mobile first hie\u00df es bei den auch bei den Mediabuchungen \u2013 und das galt nat\u00fcrlich auch f\u00fcr die \u00dcberarbeitung der dazugeh\u00f6rigen Micropage, die den Usern die Vorteile des AOK-Gesundheitskontos etwas detaillierter n\u00e4herbringen sollte.<\/p>\n<p><iframe loading=\"lazy\" src=\"https:\/\/www.youtube-nocookie.com\/embed\/wjrDMvXeckA?controls=0\" width=\"560\" height=\"800\" frameborder=\"0\" allowfullscreen=\"allowfullscreen\"><\/iframe><\/p>\n<p>Der &#8220;Anrufer&#8221; im letzten Spot bin ich \u00fcbrigens selbst.<\/p>\n<p><iframe loading=\"lazy\" src=\"https:\/\/www.youtube-nocookie.com\/embed\/GLQ4r_soAWw?controls=0\" width=\"560\" height=\"800\" frameborder=\"0\" allowfullscreen=\"allowfullscreen\"><\/iframe><\/p>\n<h3>Audio<\/h3>\n<p>Ich habe ganz sch\u00f6n viel Zeit im Tonstudio verbracht, denn wir haben auch mehrere 30sek\u00fcndige Radiospots f\u00fcr die Kampagne aufgenommen \u2013 ebenfalls aus meiner Feder.<\/p>\n<audio class=\"wp-audio-shortcode\" id=\"audio-13625-1\" preload=\"none\" style=\"width: 100%;\" controls=\"controls\"><source type=\"audio\/mpeg\" src=\"https:\/\/drikkes.com\/wp-content\/uploads\/2020\/07\/85020190101-002_AOK_FU_Fitnessstudio_MIX_30sek.mp3?_=1\" \/><a href=\"https:\/\/drikkes.com\/wp-content\/uploads\/2020\/07\/85020190101-002_AOK_FU_Fitnessstudio_MIX_30sek.mp3\">https:\/\/drikkes.com\/wp-content\/uploads\/2020\/07\/85020190101-002_AOK_FU_Fitnessstudio_MIX_30sek.mp3<\/a><\/audio>\n<p>&nbsp;<\/p>\n<audio class=\"wp-audio-shortcode\" id=\"audio-13625-2\" preload=\"none\" style=\"width: 100%;\" controls=\"controls\"><source type=\"audio\/mpeg\" src=\"https:\/\/drikkes.com\/wp-content\/uploads\/2020\/07\/85020190101-003_AOK_FU_Alternative_Medizin_MIX_30sek.mp3?_=2\" \/><a href=\"https:\/\/drikkes.com\/wp-content\/uploads\/2020\/07\/85020190101-003_AOK_FU_Alternative_Medizin_MIX_30sek.mp3\">https:\/\/drikkes.com\/wp-content\/uploads\/2020\/07\/85020190101-003_AOK_FU_Alternative_Medizin_MIX_30sek.mp3<\/a><\/audio>\n<p>&nbsp;<\/p>\n<p><audio class=\"wp-audio-shortcode\" id=\"audio-13625-3\" preload=\"none\" style=\"width: 100%;\" controls=\"controls\"><source type=\"audio\/mpeg\" src=\"https:\/\/drikkes.com\/wp-content\/uploads\/2020\/07\/85020190101-005_AOK_FU_Baby-Bonus_2_MIX_30sek.mp3?_=3\" \/><a href=\"https:\/\/drikkes.com\/wp-content\/uploads\/2020\/07\/85020190101-005_AOK_FU_Baby-Bonus_2_MIX_30sek.mp3\">https:\/\/drikkes.com\/wp-content\/uploads\/2020\/07\/85020190101-005_AOK_FU_Baby-Bonus_2_MIX_30sek.mp3<\/a><\/audio><br \/>Zu jedem der Themen sind auch statische Motive f\u00fcr Online-Banner und Printanzeigen angelegt worden.<\/div>\n<div class=\"syndication-links\"><\/div>","protected":false},"excerpt":{"rendered":"<div class='e-content p-summary'>Video Meine erste gr\u00f6\u00dfere Arbeit f\u00fcr die Digitas: eine Jahreswechselkampagne der Allgemeinen Orts-Krankenkasse. Insgesamt f\u00fcnf Online-Videos bilden den Schwerpunkt der Kommunikationsma\u00dfnahmen. Von mir stammt dabei nicht nur die Grundidee der Kampagne, den testimonialischen Ansatzwunsch des Kunden dialogisch aufzul\u00f6sen, sondern auch die einzelnen Treatments. Die Themenschwerpunkte sind vorgegeben gewesen. Inhalt der Spots sollte also immer ein [&hellip;]<\/div>\n","protected":false},"author":1,"featured_media":0,"parent":56,"menu_order":0,"comment_status":"closed","ping_status":"open","template":"wp-custom-template-arbeitsproben","meta":{"mf2_syndication":[],"cybocfi_hide_featured_image":"","webmentions_disabled_pings":false,"webmentions_disabled":false,"footnotes":""},"class_list":["post-13625","page","type-page","status-publish"],"_links":{"self":[{"href":"https:\/\/drikkes.com\/index.php?rest_route=\/wp\/v2\/pages\/13625","targetHints":{"allow":["GET"]}}],"collection":[{"href":"https:\/\/drikkes.com\/index.php?rest_route=\/wp\/v2\/pages"}],"about":[{"href":"https:\/\/drikkes.com\/index.php?rest_route=\/wp\/v2\/types\/page"}],"author":[{"embeddable":true,"href":"https:\/\/drikkes.com\/index.php?rest_route=\/wp\/v2\/users\/1"}],"replies":[{"embeddable":true,"href":"https:\/\/drikkes.com\/index.php?rest_route=%2Fwp%2Fv2%2Fcomments&post=13625"}],"version-history":[{"count":14,"href":"https:\/\/drikkes.com\/index.php?rest_route=\/wp\/v2\/pages\/13625\/revisions"}],"predecessor-version":[{"id":18982,"href":"https:\/\/drikkes.com\/index.php?rest_route=\/wp\/v2\/pages\/13625\/revisions\/18982"}],"up":[{"embeddable":true,"href":"https:\/\/drikkes.com\/index.php?rest_route=\/wp\/v2\/pages\/56"}],"wp:attachment":[{"href":"https:\/\/drikkes.com\/index.php?rest_route=%2Fwp%2Fv2%2Fmedia&parent=13625"}],"curies":[{"name":"wp","href":"https:\/\/api.w.org\/{rel}","templated":true}]}}