{"id":122,"date":"2010-02-03T13:43:33","date_gmt":"2010-02-03T12:43:33","guid":{"rendered":"http:\/\/drikkes.com\/?page_id=122"},"modified":"2022-04-27T12:41:31","modified_gmt":"2022-04-27T11:41:31","slug":"lukas-barfuss-kurzbio","status":"publish","type":"page","link":"https:\/\/drikkes.com\/?page_id=122","title":{"rendered":"Lukas B\u00e4rfuss \/\/ kurzbio"},"content":{"rendered":"<div class='e-content'>\n<blockquote><p>&#8220;Es ist m\u00f6glich, dass das Private und das Intime im Theater sehr politisch werden.&#8221;<\/p><\/blockquote>\n<p>Lukas B\u00e4rfuss kam 1971 in Thun (Kanton Bern) zur Welt. Nach Abschluss seiner Lehre als Buchh\u00e4ndler 1997 versuchte er sich fortan als freier Schriftsteller. 1998 f\u00fchrte die von ihm mitbegr\u00fcndete freie Theatergruppe 400 ASA sein erstes St\u00fcck auf, Sophokles\u2019 Oedipus. Auf Basis dieser Zusammenarbeit folgten weitere St\u00fccke in der Schweiz, unter anderem Mede\u00e4\u00e4. 214 Bildbeschreibungen, das mit dem ZKB F\u00f6rderpreis ausgezeichnet wurde und dessen Inszenierung eine Einladung zum freien Theaterfestival \u201aImpulse\u2019 nach Nordrhein-Westfalen erhielt. Seine Groteske Meienbergs Tod hatte im April 2001 am Theater Basel Premiere und im selben Jahr wurde ihm der Kulturpreis seiner Geburtsstadt Thun zuerkannt. Im Herbst 2002 erschien im Suhrkamp Verlag seine Novelle Die toten M\u00e4nner. Nach Die Reise von Klaus und Edith durch den Schacht zum Mittelpunkt der Erde ist Vier Bilder der Liebe seine zweite Arbeit, die am Bochumer Schauspielhaus zur Urauff\u00fchrung kommt. Lukas B\u00e4rfuss lebt und arbeitet in Z\u00fcrich.<\/p>\n<p><a href=\"https:\/\/drikkes.com\/wp-content\/uploads\/2010\/02\/Bild-7.png\"><img loading=\"lazy\" decoding=\"async\" class=\"alignnone size-full wp-image-128\" title=\"Bild 7\" src=\"https:\/\/drikkes.com\/wp-content\/uploads\/2010\/02\/Bild-7.png\" alt=\"\" width=\"663\" height=\"154\" srcset=\"https:\/\/drikkes.com\/wp-content\/uploads\/2010\/02\/Bild-7.png 475w, https:\/\/drikkes.com\/wp-content\/uploads\/2010\/02\/Bild-7-300x70.png 300w\" sizes=\"auto, (max-width: 663px) 100vw, 663px\" \/><\/a><\/p>\n<p>B\u00e4rfuss\u2019 Texte versuchen Distanz zwischen sich und ihre Themen zu bringen, eine Topografie zwischen den Polen Liebe und Tod, Schrecken und Lachen zu entwerfen, denn das sind die umfassenden Themen, die hier behandelt werden. Dabei kann die weitl\u00e4ufige Oberfl\u00e4che dieses Reliefglobusses unser aller Gef\u00fchlswelt nur Ausgangspunkt sein f\u00fcr eine Bestandsaufnahme der im jeweiligen Text fokussierten Details, um deren Tiefen dann desto pr\u00e4ziser ausloten beziehungsweise deren H\u00f6hen vermessen zu k\u00f6nnen.<\/p>\n<blockquote><p>&#8220;Ein dramatischer Text kann, wenn dies gew\u00fcnscht ist, mit einer Landkarte verglichen werden, besser noch mit einem sogenannten Wegkroki. Es soll unvollst\u00e4ndig sein, jedoch dort, wo es Angaben macht, genau in der Bezeichnung der Bezugspunkte im Gel\u00e4nde. Das theatrale Gel\u00e4nde ist die Gesamtheit der wei\u00dfen Flecke in einem beliebigen Bewusstsein.&#8221;<\/p><\/blockquote>\n<\/div>\n<div class=\"syndication-links\"><\/div>","protected":false},"excerpt":{"rendered":"<div class='e-content p-summary'>&#8220;Es ist m\u00f6glich, dass das Private und das Intime im Theater sehr politisch werden.&#8221; Lukas B\u00e4rfuss kam 1971 in Thun (Kanton Bern) zur Welt. Nach Abschluss seiner Lehre als Buchh\u00e4ndler 1997 versuchte er sich fortan als freier Schriftsteller. 1998 f\u00fchrte die von ihm mitbegr\u00fcndete freie Theatergruppe 400 ASA sein erstes St\u00fcck auf, Sophokles\u2019 Oedipus. Auf [&hellip;]<\/div>\n","protected":false},"author":1,"featured_media":0,"parent":26,"menu_order":0,"comment_status":"open","ping_status":"open","template":"","meta":{"mf2_syndication":[],"cybocfi_hide_featured_image":"","webmentions_disabled_pings":false,"webmentions_disabled":false,"footnotes":""},"class_list":["post-122","page","type-page","status-publish"],"_links":{"self":[{"href":"https:\/\/drikkes.com\/index.php?rest_route=\/wp\/v2\/pages\/122","targetHints":{"allow":["GET"]}}],"collection":[{"href":"https:\/\/drikkes.com\/index.php?rest_route=\/wp\/v2\/pages"}],"about":[{"href":"https:\/\/drikkes.com\/index.php?rest_route=\/wp\/v2\/types\/page"}],"author":[{"embeddable":true,"href":"https:\/\/drikkes.com\/index.php?rest_route=\/wp\/v2\/users\/1"}],"replies":[{"embeddable":true,"href":"https:\/\/drikkes.com\/index.php?rest_route=%2Fwp%2Fv2%2Fcomments&post=122"}],"version-history":[{"count":11,"href":"https:\/\/drikkes.com\/index.php?rest_route=\/wp\/v2\/pages\/122\/revisions"}],"predecessor-version":[{"id":16174,"href":"https:\/\/drikkes.com\/index.php?rest_route=\/wp\/v2\/pages\/122\/revisions\/16174"}],"up":[{"embeddable":true,"href":"https:\/\/drikkes.com\/index.php?rest_route=\/wp\/v2\/pages\/26"}],"wp:attachment":[{"href":"https:\/\/drikkes.com\/index.php?rest_route=%2Fwp%2Fv2%2Fmedia&parent=122"}],"curies":[{"name":"wp","href":"https:\/\/api.w.org\/{rel}","templated":true}]}}