{"id":10394,"date":"2024-03-06T23:54:47","date_gmt":"2024-03-06T22:54:47","guid":{"rendered":"http:\/\/drikkes.com\/?page_id=10394"},"modified":"2024-03-06T23:54:47","modified_gmt":"2024-03-06T22:54:47","slug":"neue-road-movies","status":"publish","type":"page","link":"https:\/\/drikkes.com\/?page_id=10394","title":{"rendered":"Neue Road Movies"},"content":{"rendered":"<div class='e-content'>F\u00fcr die Berlinale 2015 wollte Wim Wenders zur Urauff\u00fchrung seines ersten Spielfilms seit \u00fcber zehn Jahren etwas Besonderes. Also wurde meine derzeitige Agentur beauftragt, eine Teaserkampagne f\u00fcr <a href=\"http:\/\/www.imdb.com\/title\/tt1707380\/\">Every Thing Will Be Fine<\/a> zu entwerfen, deren Look sich bewusst von der sp\u00e4teren Vertriebskommunikation zum Kinostart unterscheiden sollte.<\/p>\n<p>Ich war als Textverantwortlicher auf Agenturseite mit an Bord. Kern des Konzepts war eine f\u00fcnf Motive umfassende Plakatkampagne, die gro\u00dfe Darstellerportr\u00e4ts mit pr\u00e4gnanten Fragezitaten zeigte und kurz vor bzw. w\u00e4hrend der Filmfestspiele rund um den Potsdamer Platz zu sehen war.<\/p>\n<p><img loading=\"lazy\" decoding=\"async\" src=\"https:\/\/drikkes.com\/wp-content\/uploads\/2015\/12\/ETWBF_CLP_Litfass.jpg\" alt=\"ETWBF_CLP_Litfass\" width=\"990\" height=\"558\" class=\"aligncenter size-full wp-image-10395\" srcset=\"https:\/\/drikkes.com\/wp-content\/uploads\/2015\/12\/ETWBF_CLP_Litfass.jpg 990w, https:\/\/drikkes.com\/wp-content\/uploads\/2015\/12\/ETWBF_CLP_Litfass-300x169.jpg 300w, https:\/\/drikkes.com\/wp-content\/uploads\/2015\/12\/ETWBF_CLP_Litfass-768x433.jpg 768w, https:\/\/drikkes.com\/wp-content\/uploads\/2015\/12\/ETWBF_CLP_Litfass-65x37.jpg 65w\" sizes=\"auto, (max-width: 990px) 100vw, 990px\" \/><\/p>\n<h4>#ETWBF<\/h4>\n<p>Zudem wurden parallel die SocialMedia-Kan\u00e4le von Warner Bros. DE mit einem zehnt\u00e4gigen Premieren-Countdown bespielt: Erst Bildposts, dann animierten GIFS und schlie\u00dflich der offizielle Filmtrailer sollten auf Facebook, Twitter und Instagram die Spannung vor dem Filmstart steigern.<\/p>\n<p><img loading=\"lazy\" decoding=\"async\" src=\"https:\/\/drikkes.com\/wp-content\/uploads\/2015\/12\/ETWBF_Citylights.jpg\" alt=\"ETWBF_Citylights\" width=\"990\" height=\"558\" class=\"aligncenter size-full wp-image-10396\" srcset=\"https:\/\/drikkes.com\/wp-content\/uploads\/2015\/12\/ETWBF_Citylights.jpg 990w, https:\/\/drikkes.com\/wp-content\/uploads\/2015\/12\/ETWBF_Citylights-300x169.jpg 300w, https:\/\/drikkes.com\/wp-content\/uploads\/2015\/12\/ETWBF_Citylights-768x433.jpg 768w, https:\/\/drikkes.com\/wp-content\/uploads\/2015\/12\/ETWBF_Citylights-65x37.jpg 65w\" sizes=\"auto, (max-width: 990px) 100vw, 990px\" \/><\/p>\n<p>Auch wenn unser Beitrag f\u00fcr die Berlinale au\u00dfer Konkurrenz lief \u2013 einmal mit einem Haufen Stars \u00fcber den roten Teppich zu laufen, war trotzdem ein ganz besonderes Erlebnis.<\/p><\/div>\n<div class=\"syndication-links\"><\/div>","protected":false},"excerpt":{"rendered":"<div class='e-content p-summary'>F\u00fcr die Berlinale 2015 wollte Wim Wenders zur Urauff\u00fchrung seines ersten Spielfilms seit \u00fcber zehn Jahren etwas Besonderes. Also wurde meine derzeitige Agentur beauftragt, eine Teaserkampagne f\u00fcr Every Thing Will Be Fine zu entwerfen, deren Look sich bewusst von der sp\u00e4teren Vertriebskommunikation zum Kinostart unterscheiden sollte. Ich war als Textverantwortlicher auf Agenturseite mit an Bord. [&hellip;]<\/div>\n","protected":false},"author":1,"featured_media":0,"parent":56,"menu_order":0,"comment_status":"closed","ping_status":"closed","template":"wp-custom-template-arbeitsproben","meta":{"mf2_syndication":[],"cybocfi_hide_featured_image":"","webmentions_disabled_pings":false,"webmentions_disabled":false,"footnotes":""},"class_list":["post-10394","page","type-page","status-publish"],"_links":{"self":[{"href":"https:\/\/drikkes.com\/index.php?rest_route=\/wp\/v2\/pages\/10394","targetHints":{"allow":["GET"]}}],"collection":[{"href":"https:\/\/drikkes.com\/index.php?rest_route=\/wp\/v2\/pages"}],"about":[{"href":"https:\/\/drikkes.com\/index.php?rest_route=\/wp\/v2\/types\/page"}],"author":[{"embeddable":true,"href":"https:\/\/drikkes.com\/index.php?rest_route=\/wp\/v2\/users\/1"}],"replies":[{"embeddable":true,"href":"https:\/\/drikkes.com\/index.php?rest_route=%2Fwp%2Fv2%2Fcomments&post=10394"}],"version-history":[{"count":2,"href":"https:\/\/drikkes.com\/index.php?rest_route=\/wp\/v2\/pages\/10394\/revisions"}],"predecessor-version":[{"id":10398,"href":"https:\/\/drikkes.com\/index.php?rest_route=\/wp\/v2\/pages\/10394\/revisions\/10398"}],"up":[{"embeddable":true,"href":"https:\/\/drikkes.com\/index.php?rest_route=\/wp\/v2\/pages\/56"}],"wp:attachment":[{"href":"https:\/\/drikkes.com\/index.php?rest_route=%2Fwp%2Fv2%2Fmedia&parent=10394"}],"curies":[{"name":"wp","href":"https:\/\/api.w.org\/{rel}","templated":true}]}}